{"id":15,"date":"2024-05-28T13:37:00","date_gmt":"2024-05-28T13:37:00","guid":{"rendered":"https:\/\/feja.viweblocal.ca\/?page_id=15"},"modified":"2026-01-30T18:44:52","modified_gmt":"2026-01-30T18:44:52","slug":"partenaires-et-donateurs","status":"publish","type":"page","link":"https:\/\/feja.ca\/fr\/partenaires-et-donateurs\/","title":{"rendered":"Partenaires &amp; donateurs"},"content":{"rendered":"\t\t<div data-elementor-type=\"wp-page\" data-elementor-id=\"15\" class=\"elementor elementor-15\" data-elementor-post-type=\"page\">\n\t\t\t\t\t\t<section class=\"elementor-section elementor-top-section elementor-element elementor-element-7da0040a elementor-section-stretched elementor-section-boxed elementor-section-height-default elementor-section-height-default\" data-id=\"7da0040a\" data-element_type=\"section\" data-e-type=\"section\" data-settings=\"{&quot;stretch_section&quot;:&quot;section-stretched&quot;,&quot;background_background&quot;:&quot;gradient&quot;}\">\n\t\t\t\t\t\t\t<div class=\"elementor-background-overlay\"><\/div>\n\t\t\t\t\t\t\t<div class=\"elementor-container elementor-column-gap-default\">\n\t\t\t\t\t<div class=\"elementor-column elementor-col-100 elementor-top-column elementor-element elementor-element-c5e3d96\" data-id=\"c5e3d96\" data-element_type=\"column\" data-e-type=\"column\" data-settings=\"{&quot;background_background&quot;:&quot;classic&quot;}\">\n\t\t\t<div class=\"elementor-widget-wrap elementor-element-populated\">\n\t\t\t\t\t<div class=\"elementor-background-overlay\"><\/div>\n\t\t\t\t\t\t<section class=\"elementor-section elementor-inner-section elementor-element elementor-element-5810b1f7 elementor-section-boxed elementor-section-height-default elementor-section-height-default\" data-id=\"5810b1f7\" data-element_type=\"section\" data-e-type=\"section\" data-settings=\"{&quot;background_background&quot;:&quot;classic&quot;}\">\n\t\t\t\t\t\t\t<div class=\"elementor-background-overlay\"><\/div>\n\t\t\t\t\t\t\t<div class=\"elementor-container elementor-column-gap-default\">\n\t\t\t\t\t<div class=\"elementor-column elementor-col-50 elementor-inner-column elementor-element elementor-element-77e44ac1\" data-id=\"77e44ac1\" data-element_type=\"column\" data-e-type=\"column\">\n\t\t\t<div class=\"elementor-widget-wrap elementor-element-populated\">\n\t\t\t\t\t\t<div class=\"elementor-element elementor-element-a211f38 elementor-widget elementor-widget-helpo_heading\" data-id=\"a211f38\" data-element_type=\"widget\" data-e-type=\"widget\" data-widget_type=\"helpo_heading.default\">\n\t\t\t\t<div class=\"elementor-widget-container\">\n\t\t\t\t\t\n        <div class=\"helpo_heading_widget\">\n                                <div class=\"helpo_up_heading\"><\/div>\n                                    <h3 class=\"helpo_heading\">\n\n                    NOS PARTENAIRES ET DONATEURS 2025                         <span><\/span>\n                                        <\/h3>\n                        <\/div>\n        \t\t\t\t<\/div>\n\t\t\t\t<\/div>\n\t\t\t\t<div class=\"elementor-element elementor-element-57484890 elementor-widget__width-initial elementor-widget elementor-widget-text-editor\" data-id=\"57484890\" data-element_type=\"widget\" data-e-type=\"widget\" data-widget_type=\"text-editor.default\">\n\t\t\t\t<div class=\"elementor-widget-container\">\n\t\t\t\t\t\t\t\t\t<p><span style=\"font-weight: 400;\">Merci \u00e0 <\/span><span style=\"font-weight: 400;\">toutes les personnes<\/span><span style=\"font-weight: 400;\"> qui contribuent de pr\u00e8s ou de loin \u00e0 la mission de la FEJA. <\/span><span style=\"font-weight: 400;\">Un pas \u00e0 la fois, nous contribuons \u00e0 soutenir la sant\u00e9 mentale des jeunes d\u2019Argenteuil!<\/span><\/p>\t\t\t\t\t\t\t\t<\/div>\n\t\t\t\t<\/div>\n\t\t\t\t\t<\/div>\n\t\t<\/div>\n\t\t\t\t<div class=\"elementor-column elementor-col-50 elementor-inner-column elementor-element elementor-element-65010d2\" data-id=\"65010d2\" data-element_type=\"column\" data-e-type=\"column\">\n\t\t\t<div class=\"elementor-widget-wrap elementor-element-populated\">\n\t\t\t\t<div class=\"elementor-element elementor-element-6b0be88 e-flex e-con-boxed e-con e-parent\" data-id=\"6b0be88\" data-element_type=\"container\" data-e-type=\"container\" data-settings=\"{&quot;background_background&quot;:&quot;classic&quot;}\">\n\t\t\t\t\t<div class=\"e-con-inner\">\n\t\t<div class=\"elementor-element elementor-element-9d0fe57 e-grid e-con-full e-con e-child\" data-id=\"9d0fe57\" data-element_type=\"container\" data-e-type=\"container\">\n\t\t\t\t<div class=\"elementor-element elementor-element-3dc138b elementor-align-center elementor-widget elementor-widget-button\" data-id=\"3dc138b\" data-element_type=\"widget\" data-e-type=\"widget\" data-widget_type=\"button.default\">\n\t\t\t\t<div class=\"elementor-widget-container\">\n\t\t\t\t\t\t\t\t\t<div class=\"elementor-button-wrapper\">\n\t\t\t\t\t<a class=\"elementor-button elementor-button-link elementor-size-sm\" href=\"\/wp-content\/uploads\/2024\/09\/Plan-de-partenariat-MARC.pdf\" target=\"_blank\">\n\t\t\t\t\t\t<span class=\"elementor-button-content-wrapper\">\n\t\t\t\t\t\t\t\t\t<span class=\"elementor-button-text\">Plan de partenariat<\/span>\n\t\t\t\t\t<\/span>\n\t\t\t\t\t<\/a>\n\t\t\t\t<\/div>\n\t\t\t\t\t\t\t\t<\/div>\n\t\t\t\t<\/div>\n\t\t\t\t<\/div>\n\t\t\t\t\t<\/div>\n\t\t\t\t<\/div>\n\t\t\t\t\t<\/div>\n\t\t<\/div>\n\t\t\t\t\t<\/div>\n\t\t<\/section>\n\t\t<div class=\"elementor-element elementor-element-c8ffd1f e-flex e-con-boxed e-con e-parent\" data-id=\"c8ffd1f\" data-element_type=\"container\" data-e-type=\"container\">\n\t\t\t\t\t<div class=\"e-con-inner\">\n\t\t\t\t<div class=\"elementor-element elementor-element-2cea92a elementor-widget elementor-widget-heading\" data-id=\"2cea92a\" data-element_type=\"widget\" data-e-type=\"widget\" data-widget_type=\"heading.default\">\n\t\t\t\t<div class=\"elementor-widget-container\">\n\t\t\t\t\t<h3 class=\"elementor-heading-title elementor-size-default\">Partenaires OR <\/h3>\t\t\t\t<\/div>\n\t\t\t\t<\/div>\n\t\t\t\t\t<\/div>\n\t\t\t\t<\/div>\n\t\t<div class=\"elementor-element elementor-element-02dd5cb e-flex e-con-boxed e-con e-parent\" data-id=\"02dd5cb\" data-element_type=\"container\" data-e-type=\"container\" data-settings=\"{&quot;background_background&quot;:&quot;classic&quot;}\">\n\t\t\t\t\t<div class=\"e-con-inner\">\n\t\t\t\t<div class=\"elementor-element elementor-element-5385969 elementor-widget elementor-widget-text-editor\" data-id=\"5385969\" data-element_type=\"widget\" data-e-type=\"widget\" data-widget_type=\"text-editor.default\">\n\t\t\t\t<div class=\"elementor-widget-container\">\n\t\t\t\t\t\t\t\t\t<p><strong>Au c\u0153ur de la vie <\/strong><\/p><p><strong>Desjardins Caisse d&rsquo;Argenteuil<\/strong><\/p><p><strong>Lionel Carmant, ministre responsable des\u00a0 Services sociaux<\/strong><\/p><p><strong>MRC d\u2019Argenteuil<\/strong><\/p>\t\t\t\t\t\t\t\t<\/div>\n\t\t\t\t<\/div>\n\t\t\t\t\t<\/div>\n\t\t\t\t<\/div>\n\t\t<div class=\"elementor-element elementor-element-46a260f e-flex e-con-boxed e-con e-parent\" data-id=\"46a260f\" data-element_type=\"container\" data-e-type=\"container\">\n\t\t\t\t\t<div class=\"e-con-inner\">\n\t\t\t\t<div class=\"elementor-element elementor-element-b1eef0e elementor-widget elementor-widget-heading\" data-id=\"b1eef0e\" data-element_type=\"widget\" data-e-type=\"widget\" data-widget_type=\"heading.default\">\n\t\t\t\t<div class=\"elementor-widget-container\">\n\t\t\t\t\t<h3 class=\"elementor-heading-title elementor-size-default\">Partenaires ARGENT <\/h3>\t\t\t\t<\/div>\n\t\t\t\t<\/div>\n\t\t\t\t\t<\/div>\n\t\t\t\t<\/div>\n\t\t<div class=\"elementor-element elementor-element-c9e9cca e-flex e-con-boxed e-con e-parent\" data-id=\"c9e9cca\" data-element_type=\"container\" data-e-type=\"container\" data-settings=\"{&quot;background_background&quot;:&quot;classic&quot;}\">\n\t\t\t\t\t<div class=\"e-con-inner\">\n\t\t\t\t<div class=\"elementor-element elementor-element-c705709 elementor-widget elementor-widget-text-editor\" data-id=\"c705709\" data-element_type=\"widget\" data-e-type=\"widget\" data-widget_type=\"text-editor.default\">\n\t\t\t\t<div class=\"elementor-widget-container\">\n\t\t\t\t\t\t\t\t\t<p><strong>Brasserie Sir John <\/strong><\/p><p><strong>O-Store<\/strong><\/p><p><strong>Ville de Lachute<\/strong><\/p>\t\t\t\t\t\t\t\t<\/div>\n\t\t\t\t<\/div>\n\t\t\t\t\t<\/div>\n\t\t\t\t<\/div>\n\t\t<div class=\"elementor-element elementor-element-1ecdf99 e-flex e-con-boxed e-con e-parent\" data-id=\"1ecdf99\" data-element_type=\"container\" data-e-type=\"container\">\n\t\t\t\t\t<div class=\"e-con-inner\">\n\t\t\t\t<div class=\"elementor-element elementor-element-a380cf0 elementor-widget elementor-widget-heading\" data-id=\"a380cf0\" data-element_type=\"widget\" data-e-type=\"widget\" data-widget_type=\"heading.default\">\n\t\t\t\t<div class=\"elementor-widget-container\">\n\t\t\t\t\t<h3 class=\"elementor-heading-title elementor-size-default\">Partenaires BRONZE <\/h3>\t\t\t\t<\/div>\n\t\t\t\t<\/div>\n\t\t\t\t\t<\/div>\n\t\t\t\t<\/div>\n\t\t<div class=\"elementor-element elementor-element-22aff6a e-flex e-con-boxed e-con e-parent\" data-id=\"22aff6a\" data-element_type=\"container\" data-e-type=\"container\" data-settings=\"{&quot;background_background&quot;:&quot;classic&quot;}\">\n\t\t\t\t\t<div class=\"e-con-inner\">\n\t\t\t\t<div class=\"elementor-element elementor-element-d587086 elementor-widget elementor-widget-text-editor\" data-id=\"d587086\" data-element_type=\"widget\" data-e-type=\"widget\" data-widget_type=\"text-editor.default\">\n\t\t\t\t<div class=\"elementor-widget-container\">\n\t\t\t\t\t\t\t\t\t<p><strong>Club des Lions Lachute <\/strong><\/p><p><strong>Eaux Naya inc.<\/strong><\/p><p><strong>FBL <\/strong><\/p><p><strong>Investissement Bernard Guay <\/strong><\/p><p><strong>Jean Coutu 158 <\/strong><\/p>\t\t\t\t\t\t\t\t<\/div>\n\t\t\t\t<\/div>\n\t\t\t\t\t<\/div>\n\t\t\t\t<\/div>\n\t\t<div class=\"elementor-element elementor-element-057d3d9 e-flex e-con-boxed e-con e-parent\" data-id=\"057d3d9\" data-element_type=\"container\" data-e-type=\"container\">\n\t\t\t\t\t<div class=\"e-con-inner\">\n\t\t\t\t<div class=\"elementor-element elementor-element-5e1d0b7 elementor-widget elementor-widget-heading\" data-id=\"5e1d0b7\" data-element_type=\"widget\" data-e-type=\"widget\" data-widget_type=\"heading.default\">\n\t\t\t\t<div class=\"elementor-widget-container\">\n\t\t\t\t\t<h3 class=\"elementor-heading-title elementor-size-default\">Partenaires ESPOIR <\/h3>\t\t\t\t<\/div>\n\t\t\t\t<\/div>\n\t\t\t\t\t<\/div>\n\t\t\t\t<\/div>\n\t\t<div class=\"elementor-element elementor-element-374a135 e-flex e-con-boxed e-con e-parent\" data-id=\"374a135\" data-element_type=\"container\" data-e-type=\"container\" data-settings=\"{&quot;background_background&quot;:&quot;classic&quot;}\">\n\t\t\t\t\t<div class=\"e-con-inner\">\n\t\t\t\t<div class=\"elementor-element elementor-element-5ef4520 elementor-widget elementor-widget-text-editor\" data-id=\"5ef4520\" data-element_type=\"widget\" data-e-type=\"widget\" data-widget_type=\"text-editor.default\">\n\t\t\t\t<div class=\"elementor-widget-container\">\n\t\t\t\t\t\t\t\t\t<p><strong>Les Productions Les 2 vall\u00e9es<\/strong><\/p><p><strong>MNP <\/strong><\/p><p><strong>St\u00e9phane Lauzon, d\u00e9put\u00e9 <\/strong><\/p><p><strong>Top Glaciers Lachute<\/strong><\/p>\t\t\t\t\t\t\t\t<\/div>\n\t\t\t\t<\/div>\n\t\t\t\t\t<\/div>\n\t\t\t\t<\/div>\n\t\t<div class=\"elementor-element elementor-element-349fc1a e-flex e-con-boxed e-con e-parent\" data-id=\"349fc1a\" data-element_type=\"container\" data-e-type=\"container\">\n\t\t\t\t\t<div class=\"e-con-inner\">\n\t\t\t\t<div class=\"elementor-element elementor-element-5b56a0b elementor-widget elementor-widget-heading\" data-id=\"5b56a0b\" data-element_type=\"widget\" data-e-type=\"widget\" data-widget_type=\"heading.default\">\n\t\t\t\t<div class=\"elementor-widget-container\">\n\t\t\t\t\t<h3 class=\"elementor-heading-title elementor-size-default\">Partenaires AMI <\/h3>\t\t\t\t<\/div>\n\t\t\t\t<\/div>\n\t\t\t\t\t<\/div>\n\t\t\t\t<\/div>\n\t\t<div class=\"elementor-element elementor-element-81cb8e4 e-flex e-con-boxed e-con e-parent\" data-id=\"81cb8e4\" data-element_type=\"container\" data-e-type=\"container\" data-settings=\"{&quot;background_background&quot;:&quot;classic&quot;}\">\n\t\t\t\t\t<div class=\"e-con-inner\">\n\t\t\t\t<div class=\"elementor-element elementor-element-44bc705 elementor-widget elementor-widget-text-editor\" data-id=\"44bc705\" data-element_type=\"widget\" data-e-type=\"widget\" data-widget_type=\"text-editor.default\">\n\t\t\t\t<div class=\"elementor-widget-container\">\n\t\t\t\t\t\t\t\t\t<p><strong>Cascades groupe Tissu &#8211; Lachute<\/strong><\/p><p><strong>Charlebois et Filles<\/strong><\/p><p><strong>Groupe Quenneville<\/strong><\/p><p><strong>Laurianne Laurin &#8211; Lolomasso &amp; bien \u00eatre<\/strong><\/p><p><strong>Les Productions ShowOff<\/strong><\/p><p><strong>M\u00e9li-M\u00e9lo Rigolo<\/strong><\/p><p><strong>Microtel Wyndham Lachute<\/strong><\/p><p><strong>Patate Labelle<\/strong><\/p><p><strong>PEP Pr\u00eat-\u00e0-Porter<\/strong><\/p><p><strong>Salon Roland M\u00e9nard<\/strong><\/p><p><strong>Station Wentworth<\/strong><\/p><p><strong>Viz\u00fcSolution<\/strong><\/p>\t\t\t\t\t\t\t\t<\/div>\n\t\t\t\t<\/div>\n\t\t\t\t\t<\/div>\n\t\t\t\t<\/div>\n\t\t\t\t<div class=\"elementor-element elementor-element-718bcde elementor-widget__width-initial elementor-widget elementor-widget-helpo_heading\" data-id=\"718bcde\" data-element_type=\"widget\" data-e-type=\"widget\" data-widget_type=\"helpo_heading.default\">\n\t\t\t\t<div class=\"elementor-widget-container\">\n\t\t\t\t\t\n        <div class=\"helpo_heading_widget\">\n                                <div class=\"helpo_up_heading\"><\/div>\n                                    <h2 class=\"helpo_heading\">\n\n                    Nos                          <span>donateurs <\/span>\n                                        <\/h2>\n                        <\/div>\n        \t\t\t\t<\/div>\n\t\t\t\t<\/div>\n\t\t<div class=\"elementor-element elementor-element-43d4fb6 e-flex e-con-boxed e-con e-parent\" data-id=\"43d4fb6\" data-element_type=\"container\" data-e-type=\"container\">\n\t\t\t\t\t<div class=\"e-con-inner\">\n\t\t\t\t<div class=\"elementor-element elementor-element-35ed848 elementor-widget elementor-widget-html\" data-id=\"35ed848\" data-element_type=\"widget\" data-e-type=\"widget\" data-widget_type=\"html.default\">\n\t\t\t\t<div class=\"elementor-widget-container\">\n\t\t\t\t\t<div style=\"position:relative;overflow:hidden;width:100%;padding-top:240px;\"><iframe title='Donation form powered by Zeffy' style='position: absolute; border: 0; top:0;left:0;bottom:0;right:0;width:100%;height:100%' src='https:\/\/www.zeffy.com\/embed\/leaderboard\/df5d4696-287b-46cf-9e49-5bc5c668ec0f'  allowTransparency=\"true\"><\/iframe><\/div>\t\t\t\t<\/div>\n\t\t\t\t<\/div>\n\t\t\t\t\t<\/div>\n\t\t\t\t<\/div>\n\t\t\t\t<div class=\"elementor-element elementor-element-147513f helpo_additional_font elementor-widget elementor-widget-text-editor\" data-id=\"147513f\" data-element_type=\"widget\" data-e-type=\"widget\" data-widget_type=\"text-editor.default\">\n\t\t\t\t<div class=\"elementor-widget-container\">\n\t\t\t\t\t\t\t\t\t<p>Merci !<\/p>\t\t\t\t\t\t\t\t<\/div>\n\t\t\t\t<\/div>\n\t\t\t\t\t<\/div>\n\t\t<\/div>\n\t\t\t\t\t<\/div>\n\t\t<\/section>\n\t\t\t\t<section class=\"elementor-section elementor-top-section elementor-element elementor-element-38cb75d9 elementor-section-stretched elementor-section-boxed elementor-section-height-default elementor-section-height-default\" data-id=\"38cb75d9\" data-element_type=\"section\" data-e-type=\"section\" data-settings=\"{&quot;stretch_section&quot;:&quot;section-stretched&quot;,&quot;background_background&quot;:&quot;classic&quot;}\">\n\t\t\t\t\t\t<div class=\"elementor-container elementor-column-gap-default\">\n\t\t\t\t\t<div class=\"elementor-column elementor-col-33 elementor-top-column elementor-element elementor-element-17c6a9d4\" data-id=\"17c6a9d4\" data-element_type=\"column\" data-e-type=\"column\">\n\t\t\t<div class=\"elementor-widget-wrap elementor-element-populated\">\n\t\t\t\t\t\t<div class=\"elementor-element elementor-element-da1a2dc elementor-widget elementor-widget-heading\" data-id=\"da1a2dc\" data-element_type=\"widget\" data-e-type=\"widget\" data-widget_type=\"heading.default\">\n\t\t\t\t<div class=\"elementor-widget-container\">\n\t\t\t\t\t<h2 class=\"elementor-heading-title elementor-size-default\">Restez inform\u00e9!<\/h2>\t\t\t\t<\/div>\n\t\t\t\t<\/div>\n\t\t\t\t\t<\/div>\n\t\t<\/div>\n\t\t\t\t<div class=\"elementor-column elementor-col-66 elementor-top-column elementor-element elementor-element-2eb7d5cc\" data-id=\"2eb7d5cc\" data-element_type=\"column\" data-e-type=\"column\">\n\t\t\t<div class=\"elementor-widget-wrap elementor-element-populated\">\n\t\t\t\t\t\t<div class=\"elementor-element elementor-element-3d19f10c elementor-widget elementor-widget-shortcode\" data-id=\"3d19f10c\" data-element_type=\"widget\" data-e-type=\"widget\" data-widget_type=\"shortcode.default\">\n\t\t\t\t<div class=\"elementor-widget-container\">\n\t\t\t\t\t\t\t<div class=\"elementor-shortcode\"><script>(function() {\n\twindow.mc4wp = window.mc4wp || {\n\t\tlisteners: [],\n\t\tforms: {\n\t\t\ton: function(evt, cb) {\n\t\t\t\twindow.mc4wp.listeners.push(\n\t\t\t\t\t{\n\t\t\t\t\t\tevent   : evt,\n\t\t\t\t\t\tcallback: cb\n\t\t\t\t\t}\n\t\t\t\t);\n\t\t\t}\n\t\t}\n\t}\n})();\n<\/script><!-- Mailchimp for WordPress v4.12.1 - https:\/\/wordpress.org\/plugins\/mailchimp-for-wp\/ --><form id=\"mc4wp-form-1\" class=\"mc4wp-form mc4wp-form-526\" method=\"post\" data-id=\"526\" data-name=\"Form Fr\" ><div class=\"mc4wp-form-fields\"><input type=\"email\" name=\"EMAIL\" placeholder=\"Entrez votre courriel ici\" required \/><input type=\"submit\" value=\"Envoyer\" \/><\/div><label style=\"display: none !important;\">Laissez ce champ vide si vous \u00eates humain\u00a0: <input type=\"text\" name=\"_mc4wp_honeypot\" value=\"\" tabindex=\"-1\" autocomplete=\"off\" \/><\/label><input type=\"hidden\" name=\"_mc4wp_timestamp\" value=\"1776517180\" \/><input type=\"hidden\" name=\"_mc4wp_form_id\" value=\"526\" \/><input type=\"hidden\" name=\"_mc4wp_form_element_id\" value=\"mc4wp-form-1\" \/><div class=\"mc4wp-response\"><\/div><\/form><!-- \/ Mailchimp for WordPress Plugin --><\/div>\n\t\t\t\t\t\t<\/div>\n\t\t\t\t<\/div>\n\t\t\t\t\t<\/div>\n\t\t<\/div>\n\t\t\t\t\t<\/div>\n\t\t<\/section>\n\t\t\t\t<\/div>\n\t\t","protected":false},"excerpt":{"rendered":"<p>Merci \u00e0 toutes les personnes qui contribuent de pr\u00e8s ou de loin \u00e0 la mission de la FEJA. Un pas \u00e0 la fois, nous contribuons \u00e0 soutenir la sant\u00e9 mentale des jeunes d\u2019Argenteuil! Plan de partenariat Partenaires OR Au c\u0153ur de la vie Desjardins Caisse d&rsquo;Argenteuil Lionel Carmant, ministre responsable des\u00a0 Services sociaux MRC d\u2019Argenteuil [&hellip;]<\/p>\n","protected":false},"author":1,"featured_media":2512,"parent":0,"menu_order":0,"comment_status":"closed","ping_status":"closed","template":"","meta":{"give_campaign_id":0,"footnotes":""},"class_list":["post-15","page","type-page","status-publish","has-post-thumbnail","hentry"],"yoast_head":"<!-- This site is optimized with the Yoast SEO plugin v27.3 - https:\/\/yoast.com\/product\/yoast-seo-wordpress\/ -->\n<title>Partenaires &amp; donateurs - FEJA<\/title>\n<meta name=\"robots\" content=\"index, follow, max-snippet:-1, max-image-preview:large, max-video-preview:-1\" \/>\n<link rel=\"canonical\" href=\"https:\/\/feja.ca\/fr\/partenaires-et-donateurs\/\" \/>\n<meta property=\"og:locale\" content=\"fr_FR\" \/>\n<meta property=\"og:type\" content=\"article\" \/>\n<meta property=\"og:title\" content=\"Partenaires &amp; donateurs - FEJA\" \/>\n<meta property=\"og:description\" content=\"Merci \u00e0 toutes les personnes qui contribuent de pr\u00e8s ou de loin \u00e0 la mission de la FEJA. Un pas \u00e0 la fois, nous contribuons \u00e0 soutenir la sant\u00e9 mentale des jeunes d\u2019Argenteuil! Plan de partenariat Partenaires OR Au c\u0153ur de la vie Desjardins Caisse d&rsquo;Argenteuil Lionel Carmant, ministre responsable des\u00a0 Services sociaux MRC d\u2019Argenteuil [&hellip;]\" \/>\n<meta property=\"og:url\" content=\"https:\/\/feja.ca\/fr\/partenaires-et-donateurs\/\" \/>\n<meta property=\"og:site_name\" content=\"FEJA\" \/>\n<meta property=\"article:modified_time\" content=\"2026-01-30T18:44:52+00:00\" \/>\n<meta property=\"og:image\" content=\"https:\/\/feja.ca\/wp-content\/uploads\/2024\/08\/partenaires-donateur-2.png\" \/>\n\t<meta property=\"og:image:width\" content=\"1900\" \/>\n\t<meta property=\"og:image:height\" content=\"750\" \/>\n\t<meta property=\"og:image:type\" content=\"image\/png\" \/>\n<meta name=\"twitter:card\" content=\"summary_large_image\" \/>\n<meta name=\"twitter:label1\" content=\"Dur\u00e9e de lecture estim\u00e9e\" \/>\n\t<meta name=\"twitter:data1\" content=\"1 minute\" \/>\n<script type=\"application\/ld+json\" class=\"yoast-schema-graph\">{\"@context\":\"https:\\\/\\\/schema.org\",\"@graph\":[{\"@type\":\"WebPage\",\"@id\":\"https:\\\/\\\/feja.ca\\\/fr\\\/partenaires-et-donateurs\\\/\",\"url\":\"https:\\\/\\\/feja.ca\\\/fr\\\/partenaires-et-donateurs\\\/\",\"name\":\"Partenaires &amp; donateurs - FEJA\",\"isPartOf\":{\"@id\":\"https:\\\/\\\/feja.ca\\\/fr\\\/#website\"},\"primaryImageOfPage\":{\"@id\":\"https:\\\/\\\/feja.ca\\\/fr\\\/partenaires-et-donateurs\\\/#primaryimage\"},\"image\":{\"@id\":\"https:\\\/\\\/feja.ca\\\/fr\\\/partenaires-et-donateurs\\\/#primaryimage\"},\"thumbnailUrl\":\"https:\\\/\\\/feja.ca\\\/wp-content\\\/uploads\\\/2024\\\/08\\\/partenaires-donateur-2.png\",\"datePublished\":\"2024-05-28T13:37:00+00:00\",\"dateModified\":\"2026-01-30T18:44:52+00:00\",\"breadcrumb\":{\"@id\":\"https:\\\/\\\/feja.ca\\\/fr\\\/partenaires-et-donateurs\\\/#breadcrumb\"},\"inLanguage\":\"fr-FR\",\"potentialAction\":[{\"@type\":\"ReadAction\",\"target\":[\"https:\\\/\\\/feja.ca\\\/fr\\\/partenaires-et-donateurs\\\/\"]}]},{\"@type\":\"ImageObject\",\"inLanguage\":\"fr-FR\",\"@id\":\"https:\\\/\\\/feja.ca\\\/fr\\\/partenaires-et-donateurs\\\/#primaryimage\",\"url\":\"https:\\\/\\\/feja.ca\\\/wp-content\\\/uploads\\\/2024\\\/08\\\/partenaires-donateur-2.png\",\"contentUrl\":\"https:\\\/\\\/feja.ca\\\/wp-content\\\/uploads\\\/2024\\\/08\\\/partenaires-donateur-2.png\",\"width\":1900,\"height\":750},{\"@type\":\"BreadcrumbList\",\"@id\":\"https:\\\/\\\/feja.ca\\\/fr\\\/partenaires-et-donateurs\\\/#breadcrumb\",\"itemListElement\":[{\"@type\":\"ListItem\",\"position\":1,\"name\":\"Accueil\",\"item\":\"https:\\\/\\\/feja.ca\\\/fr\\\/\"},{\"@type\":\"ListItem\",\"position\":2,\"name\":\"Partenaires &amp; donateurs\"}]},{\"@type\":\"WebSite\",\"@id\":\"https:\\\/\\\/feja.ca\\\/fr\\\/#website\",\"url\":\"https:\\\/\\\/feja.ca\\\/fr\\\/\",\"name\":\"FEJA\",\"description\":\"Fondation Espoir Jeunesse Argenteuil\",\"potentialAction\":[{\"@type\":\"SearchAction\",\"target\":{\"@type\":\"EntryPoint\",\"urlTemplate\":\"https:\\\/\\\/feja.ca\\\/fr\\\/?s={search_term_string}\"},\"query-input\":{\"@type\":\"PropertyValueSpecification\",\"valueRequired\":true,\"valueName\":\"search_term_string\"}}],\"inLanguage\":\"fr-FR\"}]}<\/script>\n<!-- \/ Yoast SEO plugin. -->","yoast_head_json":{"title":"Partenaires &amp; donateurs - FEJA","robots":{"index":"index","follow":"follow","max-snippet":"max-snippet:-1","max-image-preview":"max-image-preview:large","max-video-preview":"max-video-preview:-1"},"canonical":"https:\/\/feja.ca\/fr\/partenaires-et-donateurs\/","og_locale":"fr_FR","og_type":"article","og_title":"Partenaires &amp; donateurs - FEJA","og_description":"Merci \u00e0 toutes les personnes qui contribuent de pr\u00e8s ou de loin \u00e0 la mission de la FEJA. Un pas \u00e0 la fois, nous contribuons \u00e0 soutenir la sant\u00e9 mentale des jeunes d\u2019Argenteuil! Plan de partenariat Partenaires OR Au c\u0153ur de la vie Desjardins Caisse d&rsquo;Argenteuil Lionel Carmant, ministre responsable des\u00a0 Services sociaux MRC d\u2019Argenteuil [&hellip;]","og_url":"https:\/\/feja.ca\/fr\/partenaires-et-donateurs\/","og_site_name":"FEJA","article_modified_time":"2026-01-30T18:44:52+00:00","og_image":[{"width":1900,"height":750,"url":"https:\/\/feja.ca\/wp-content\/uploads\/2024\/08\/partenaires-donateur-2.png","type":"image\/png"}],"twitter_card":"summary_large_image","twitter_misc":{"Dur\u00e9e de lecture estim\u00e9e":"1 minute"},"schema":{"@context":"https:\/\/schema.org","@graph":[{"@type":"WebPage","@id":"https:\/\/feja.ca\/fr\/partenaires-et-donateurs\/","url":"https:\/\/feja.ca\/fr\/partenaires-et-donateurs\/","name":"Partenaires &amp; donateurs - FEJA","isPartOf":{"@id":"https:\/\/feja.ca\/fr\/#website"},"primaryImageOfPage":{"@id":"https:\/\/feja.ca\/fr\/partenaires-et-donateurs\/#primaryimage"},"image":{"@id":"https:\/\/feja.ca\/fr\/partenaires-et-donateurs\/#primaryimage"},"thumbnailUrl":"https:\/\/feja.ca\/wp-content\/uploads\/2024\/08\/partenaires-donateur-2.png","datePublished":"2024-05-28T13:37:00+00:00","dateModified":"2026-01-30T18:44:52+00:00","breadcrumb":{"@id":"https:\/\/feja.ca\/fr\/partenaires-et-donateurs\/#breadcrumb"},"inLanguage":"fr-FR","potentialAction":[{"@type":"ReadAction","target":["https:\/\/feja.ca\/fr\/partenaires-et-donateurs\/"]}]},{"@type":"ImageObject","inLanguage":"fr-FR","@id":"https:\/\/feja.ca\/fr\/partenaires-et-donateurs\/#primaryimage","url":"https:\/\/feja.ca\/wp-content\/uploads\/2024\/08\/partenaires-donateur-2.png","contentUrl":"https:\/\/feja.ca\/wp-content\/uploads\/2024\/08\/partenaires-donateur-2.png","width":1900,"height":750},{"@type":"BreadcrumbList","@id":"https:\/\/feja.ca\/fr\/partenaires-et-donateurs\/#breadcrumb","itemListElement":[{"@type":"ListItem","position":1,"name":"Accueil","item":"https:\/\/feja.ca\/fr\/"},{"@type":"ListItem","position":2,"name":"Partenaires &amp; donateurs"}]},{"@type":"WebSite","@id":"https:\/\/feja.ca\/fr\/#website","url":"https:\/\/feja.ca\/fr\/","name":"FEJA","description":"Fondation Espoir Jeunesse Argenteuil","potentialAction":[{"@type":"SearchAction","target":{"@type":"EntryPoint","urlTemplate":"https:\/\/feja.ca\/fr\/?s={search_term_string}"},"query-input":{"@type":"PropertyValueSpecification","valueRequired":true,"valueName":"search_term_string"}}],"inLanguage":"fr-FR"}]}},"campaignId":"","_links":{"self":[{"href":"https:\/\/feja.ca\/fr\/wp-json\/wp\/v2\/pages\/15","targetHints":{"allow":["GET"]}}],"collection":[{"href":"https:\/\/feja.ca\/fr\/wp-json\/wp\/v2\/pages"}],"about":[{"href":"https:\/\/feja.ca\/fr\/wp-json\/wp\/v2\/types\/page"}],"author":[{"embeddable":true,"href":"https:\/\/feja.ca\/fr\/wp-json\/wp\/v2\/users\/1"}],"replies":[{"embeddable":true,"href":"https:\/\/feja.ca\/fr\/wp-json\/wp\/v2\/comments?post=15"}],"version-history":[{"count":140,"href":"https:\/\/feja.ca\/fr\/wp-json\/wp\/v2\/pages\/15\/revisions"}],"predecessor-version":[{"id":4547,"href":"https:\/\/feja.ca\/fr\/wp-json\/wp\/v2\/pages\/15\/revisions\/4547"}],"wp:featuredmedia":[{"embeddable":true,"href":"https:\/\/feja.ca\/fr\/wp-json\/wp\/v2\/media\/2512"}],"wp:attachment":[{"href":"https:\/\/feja.ca\/fr\/wp-json\/wp\/v2\/media?parent=15"}],"curies":[{"name":"wp","href":"https:\/\/api.w.org\/{rel}","templated":true}]}}