{"id":2210,"date":"2020-03-25T03:28:36","date_gmt":"2020-03-25T03:28:36","guid":{"rendered":"https:\/\/helpocharity.artureanec.com\/donation-history\/"},"modified":"2020-03-25T03:28:36","modified_gmt":"2020-03-25T03:28:36","slug":"donation-history","status":"publish","type":"page","link":"https:\/\/feja.ca\/fr\/donation-history\/","title":{"rendered":"Donation History"},"content":{"rendered":"\t<div class=\"give-form\">\n\t\t<form method=\"post\" id=\"give-email-access-form\">\n\t\t\t<p>\n\t\t\t\tVeuillez v\u00e9rifier votre adresse e-mail pour acc\u00e9der \u00e0 votre historique de don.\t\t\t<\/p>\n\n\t\t\t<label for=\"give-email\">E-mail du don\u00a0:<\/label>\n\t\t\t<input id=\"give-email\" type=\"email\" name=\"give_email\" value=\"\"\n\t\t\t\t\tplaceholder=\"Adresse e-mail\"\/>\n\t\t\t<input type=\"hidden\" name=\"_wpnonce\" value=\"ec01caff37\"\/>\n\t\t\t<input type=\"hidden\" name=\"give_action\" value=\"email_access_form_login\"\/>\n\t\t\t<input type=\"hidden\" name=\"give_access_page\" value=\"2210\"\/>\n\n\t\t\t\n\t\t\t<input type=\"submit\" class=\"give-submit\" value=\"V\u00e9rifier l\u2019e-mail\"\/>\n\t\t<\/form>\n\t<\/div>\n\t\n","protected":false},"excerpt":{"rendered":"","protected":false},"author":1,"featured_media":0,"parent":0,"menu_order":0,"comment_status":"closed","ping_status":"closed","template":"","meta":{"give_campaign_id":0,"footnotes":""},"class_list":["post-2210","page","type-page","status-publish","hentry"],"yoast_head":"<!-- This site is optimized with the Yoast SEO plugin v27.3 - https:\/\/yoast.com\/product\/yoast-seo-wordpress\/ -->\n<title>Donation History - FEJA<\/title>\n<meta name=\"robots\" content=\"index, follow, max-snippet:-1, max-image-preview:large, max-video-preview:-1\" \/>\n<link rel=\"canonical\" href=\"https:\/\/feja.ca\/fr\/donation-history\/\" \/>\n<meta property=\"og:locale\" content=\"fr_FR\" \/>\n<meta property=\"og:type\" content=\"article\" \/>\n<meta property=\"og:title\" content=\"Donation History - FEJA\" \/>\n<meta property=\"og:url\" content=\"https:\/\/feja.ca\/fr\/donation-history\/\" \/>\n<meta property=\"og:site_name\" content=\"FEJA\" \/>\n<meta name=\"twitter:card\" content=\"summary_large_image\" \/>\n<script type=\"application\/ld+json\" class=\"yoast-schema-graph\">{\"@context\":\"https:\\\/\\\/schema.org\",\"@graph\":[{\"@type\":\"WebPage\",\"@id\":\"https:\\\/\\\/feja.ca\\\/fr\\\/donation-history\\\/\",\"url\":\"https:\\\/\\\/feja.ca\\\/fr\\\/donation-history\\\/\",\"name\":\"Donation History - FEJA\",\"isPartOf\":{\"@id\":\"https:\\\/\\\/feja.ca\\\/fr\\\/#website\"},\"datePublished\":\"2020-03-25T03:28:36+00:00\",\"breadcrumb\":{\"@id\":\"https:\\\/\\\/feja.ca\\\/fr\\\/donation-history\\\/#breadcrumb\"},\"inLanguage\":\"fr-FR\",\"potentialAction\":[{\"@type\":\"ReadAction\",\"target\":[\"https:\\\/\\\/feja.ca\\\/fr\\\/donation-history\\\/\"]}]},{\"@type\":\"BreadcrumbList\",\"@id\":\"https:\\\/\\\/feja.ca\\\/fr\\\/donation-history\\\/#breadcrumb\",\"itemListElement\":[{\"@type\":\"ListItem\",\"position\":1,\"name\":\"Accueil\",\"item\":\"https:\\\/\\\/feja.ca\\\/fr\\\/\"},{\"@type\":\"ListItem\",\"position\":2,\"name\":\"Donation History\"}]},{\"@type\":\"WebSite\",\"@id\":\"https:\\\/\\\/feja.ca\\\/fr\\\/#website\",\"url\":\"https:\\\/\\\/feja.ca\\\/fr\\\/\",\"name\":\"FEJA\",\"description\":\"Fondation Espoir Jeunesse Argenteuil\",\"potentialAction\":[{\"@type\":\"SearchAction\",\"target\":{\"@type\":\"EntryPoint\",\"urlTemplate\":\"https:\\\/\\\/feja.ca\\\/fr\\\/?s={search_term_string}\"},\"query-input\":{\"@type\":\"PropertyValueSpecification\",\"valueRequired\":true,\"valueName\":\"search_term_string\"}}],\"inLanguage\":\"fr-FR\"}]}<\/script>\n<!-- \/ Yoast SEO plugin. -->","yoast_head_json":{"title":"Donation History - FEJA","robots":{"index":"index","follow":"follow","max-snippet":"max-snippet:-1","max-image-preview":"max-image-preview:large","max-video-preview":"max-video-preview:-1"},"canonical":"https:\/\/feja.ca\/fr\/donation-history\/","og_locale":"fr_FR","og_type":"article","og_title":"Donation History - FEJA","og_url":"https:\/\/feja.ca\/fr\/donation-history\/","og_site_name":"FEJA","twitter_card":"summary_large_image","schema":{"@context":"https:\/\/schema.org","@graph":[{"@type":"WebPage","@id":"https:\/\/feja.ca\/fr\/donation-history\/","url":"https:\/\/feja.ca\/fr\/donation-history\/","name":"Donation History - FEJA","isPartOf":{"@id":"https:\/\/feja.ca\/fr\/#website"},"datePublished":"2020-03-25T03:28:36+00:00","breadcrumb":{"@id":"https:\/\/feja.ca\/fr\/donation-history\/#breadcrumb"},"inLanguage":"fr-FR","potentialAction":[{"@type":"ReadAction","target":["https:\/\/feja.ca\/fr\/donation-history\/"]}]},{"@type":"BreadcrumbList","@id":"https:\/\/feja.ca\/fr\/donation-history\/#breadcrumb","itemListElement":[{"@type":"ListItem","position":1,"name":"Accueil","item":"https:\/\/feja.ca\/fr\/"},{"@type":"ListItem","position":2,"name":"Donation History"}]},{"@type":"WebSite","@id":"https:\/\/feja.ca\/fr\/#website","url":"https:\/\/feja.ca\/fr\/","name":"FEJA","description":"Fondation Espoir Jeunesse Argenteuil","potentialAction":[{"@type":"SearchAction","target":{"@type":"EntryPoint","urlTemplate":"https:\/\/feja.ca\/fr\/?s={search_term_string}"},"query-input":{"@type":"PropertyValueSpecification","valueRequired":true,"valueName":"search_term_string"}}],"inLanguage":"fr-FR"}]}},"campaignId":"","_links":{"self":[{"href":"https:\/\/feja.ca\/fr\/wp-json\/wp\/v2\/pages\/2210","targetHints":{"allow":["GET"]}}],"collection":[{"href":"https:\/\/feja.ca\/fr\/wp-json\/wp\/v2\/pages"}],"about":[{"href":"https:\/\/feja.ca\/fr\/wp-json\/wp\/v2\/types\/page"}],"author":[{"embeddable":true,"href":"https:\/\/feja.ca\/fr\/wp-json\/wp\/v2\/users\/1"}],"replies":[{"embeddable":true,"href":"https:\/\/feja.ca\/fr\/wp-json\/wp\/v2\/comments?post=2210"}],"version-history":[{"count":0,"href":"https:\/\/feja.ca\/fr\/wp-json\/wp\/v2\/pages\/2210\/revisions"}],"wp:attachment":[{"href":"https:\/\/feja.ca\/fr\/wp-json\/wp\/v2\/media?parent=2210"}],"curies":[{"name":"wp","href":"https:\/\/api.w.org\/{rel}","templated":true}]}}