{"id":97,"date":"2024-08-02T18:44:21","date_gmt":"2024-08-02T18:44:21","guid":{"rendered":"https:\/\/feja.viweblocal.ca\/le-don-a-echoue\/"},"modified":"2024-08-02T18:44:21","modified_gmt":"2024-08-02T18:44:21","slug":"le-don-a-echoue","status":"publish","type":"page","link":"https:\/\/feja.ca\/fr\/le-don-a-echoue\/","title":{"rendered":"Le don a \u00e9chou\u00e9"},"content":{"rendered":"<p>Nous sommes d\u00e9sol\u00e9s, mais votre transaction a \u00e9chou\u00e9. Veuillez essayer \u00e0 nouveau ou contacter l\u2019assistance du site.<\/p>\n","protected":false},"excerpt":{"rendered":"<p>Nous sommes d\u00e9sol\u00e9s, mais votre transaction a \u00e9chou\u00e9. Veuillez essayer \u00e0 nouveau ou contacter l\u2019assistance du site.<\/p>\n","protected":false},"author":1,"featured_media":0,"parent":0,"menu_order":0,"comment_status":"closed","ping_status":"closed","template":"","meta":{"give_campaign_id":0,"footnotes":""},"class_list":["post-97","page","type-page","status-publish","hentry"],"yoast_head":"<!-- This site is optimized with the Yoast SEO plugin v27.3 - https:\/\/yoast.com\/product\/yoast-seo-wordpress\/ -->\n<title>Le don a \u00e9chou\u00e9 - FEJA<\/title>\n<meta name=\"robots\" content=\"index, follow, max-snippet:-1, max-image-preview:large, max-video-preview:-1\" \/>\n<link rel=\"canonical\" href=\"https:\/\/feja.ca\/fr\/le-don-a-echoue\/\" \/>\n<meta property=\"og:locale\" content=\"fr_FR\" \/>\n<meta property=\"og:type\" content=\"article\" \/>\n<meta property=\"og:title\" content=\"Le don a \u00e9chou\u00e9 - FEJA\" \/>\n<meta property=\"og:description\" content=\"Nous sommes d\u00e9sol\u00e9s, mais votre transaction a \u00e9chou\u00e9. Veuillez essayer \u00e0 nouveau ou contacter l\u2019assistance du site.\" \/>\n<meta property=\"og:url\" content=\"https:\/\/feja.ca\/fr\/le-don-a-echoue\/\" \/>\n<meta property=\"og:site_name\" content=\"FEJA\" \/>\n<meta name=\"twitter:card\" content=\"summary_large_image\" \/>\n<script type=\"application\/ld+json\" class=\"yoast-schema-graph\">{\"@context\":\"https:\\\/\\\/schema.org\",\"@graph\":[{\"@type\":\"WebPage\",\"@id\":\"https:\\\/\\\/feja.ca\\\/fr\\\/le-don-a-echoue\\\/\",\"url\":\"https:\\\/\\\/feja.ca\\\/fr\\\/le-don-a-echoue\\\/\",\"name\":\"Le don a \u00e9chou\u00e9 - FEJA\",\"isPartOf\":{\"@id\":\"https:\\\/\\\/feja.ca\\\/fr\\\/#website\"},\"datePublished\":\"2024-08-02T18:44:21+00:00\",\"breadcrumb\":{\"@id\":\"https:\\\/\\\/feja.ca\\\/fr\\\/le-don-a-echoue\\\/#breadcrumb\"},\"inLanguage\":\"fr-FR\",\"potentialAction\":[{\"@type\":\"ReadAction\",\"target\":[\"https:\\\/\\\/feja.ca\\\/fr\\\/le-don-a-echoue\\\/\"]}]},{\"@type\":\"BreadcrumbList\",\"@id\":\"https:\\\/\\\/feja.ca\\\/fr\\\/le-don-a-echoue\\\/#breadcrumb\",\"itemListElement\":[{\"@type\":\"ListItem\",\"position\":1,\"name\":\"Accueil\",\"item\":\"https:\\\/\\\/feja.ca\\\/fr\\\/\"},{\"@type\":\"ListItem\",\"position\":2,\"name\":\"Le don a \u00e9chou\u00e9\"}]},{\"@type\":\"WebSite\",\"@id\":\"https:\\\/\\\/feja.ca\\\/fr\\\/#website\",\"url\":\"https:\\\/\\\/feja.ca\\\/fr\\\/\",\"name\":\"FEJA\",\"description\":\"Fondation Espoir Jeunesse Argenteuil\",\"potentialAction\":[{\"@type\":\"SearchAction\",\"target\":{\"@type\":\"EntryPoint\",\"urlTemplate\":\"https:\\\/\\\/feja.ca\\\/fr\\\/?s={search_term_string}\"},\"query-input\":{\"@type\":\"PropertyValueSpecification\",\"valueRequired\":true,\"valueName\":\"search_term_string\"}}],\"inLanguage\":\"fr-FR\"}]}<\/script>\n<!-- \/ Yoast SEO plugin. -->","yoast_head_json":{"title":"Le don a \u00e9chou\u00e9 - FEJA","robots":{"index":"index","follow":"follow","max-snippet":"max-snippet:-1","max-image-preview":"max-image-preview:large","max-video-preview":"max-video-preview:-1"},"canonical":"https:\/\/feja.ca\/fr\/le-don-a-echoue\/","og_locale":"fr_FR","og_type":"article","og_title":"Le don a \u00e9chou\u00e9 - FEJA","og_description":"Nous sommes d\u00e9sol\u00e9s, mais votre transaction a \u00e9chou\u00e9. Veuillez essayer \u00e0 nouveau ou contacter l\u2019assistance du site.","og_url":"https:\/\/feja.ca\/fr\/le-don-a-echoue\/","og_site_name":"FEJA","twitter_card":"summary_large_image","schema":{"@context":"https:\/\/schema.org","@graph":[{"@type":"WebPage","@id":"https:\/\/feja.ca\/fr\/le-don-a-echoue\/","url":"https:\/\/feja.ca\/fr\/le-don-a-echoue\/","name":"Le don a \u00e9chou\u00e9 - FEJA","isPartOf":{"@id":"https:\/\/feja.ca\/fr\/#website"},"datePublished":"2024-08-02T18:44:21+00:00","breadcrumb":{"@id":"https:\/\/feja.ca\/fr\/le-don-a-echoue\/#breadcrumb"},"inLanguage":"fr-FR","potentialAction":[{"@type":"ReadAction","target":["https:\/\/feja.ca\/fr\/le-don-a-echoue\/"]}]},{"@type":"BreadcrumbList","@id":"https:\/\/feja.ca\/fr\/le-don-a-echoue\/#breadcrumb","itemListElement":[{"@type":"ListItem","position":1,"name":"Accueil","item":"https:\/\/feja.ca\/fr\/"},{"@type":"ListItem","position":2,"name":"Le don a \u00e9chou\u00e9"}]},{"@type":"WebSite","@id":"https:\/\/feja.ca\/fr\/#website","url":"https:\/\/feja.ca\/fr\/","name":"FEJA","description":"Fondation Espoir Jeunesse Argenteuil","potentialAction":[{"@type":"SearchAction","target":{"@type":"EntryPoint","urlTemplate":"https:\/\/feja.ca\/fr\/?s={search_term_string}"},"query-input":{"@type":"PropertyValueSpecification","valueRequired":true,"valueName":"search_term_string"}}],"inLanguage":"fr-FR"}]}},"campaignId":"","_links":{"self":[{"href":"https:\/\/feja.ca\/fr\/wp-json\/wp\/v2\/pages\/97","targetHints":{"allow":["GET"]}}],"collection":[{"href":"https:\/\/feja.ca\/fr\/wp-json\/wp\/v2\/pages"}],"about":[{"href":"https:\/\/feja.ca\/fr\/wp-json\/wp\/v2\/types\/page"}],"author":[{"embeddable":true,"href":"https:\/\/feja.ca\/fr\/wp-json\/wp\/v2\/users\/1"}],"replies":[{"embeddable":true,"href":"https:\/\/feja.ca\/fr\/wp-json\/wp\/v2\/comments?post=97"}],"version-history":[{"count":0,"href":"https:\/\/feja.ca\/fr\/wp-json\/wp\/v2\/pages\/97\/revisions"}],"wp:attachment":[{"href":"https:\/\/feja.ca\/fr\/wp-json\/wp\/v2\/media?parent=97"}],"curies":[{"name":"wp","href":"https:\/\/api.w.org\/{rel}","templated":true}]}}